{"id":2,"date":"2024-06-28T08:00:08","date_gmt":"2024-06-28T08:00:08","guid":{"rendered":"http:\/\/belinuz.com\/?page_id=2"},"modified":"2024-09-20T15:17:30","modified_gmt":"2024-09-20T15:17:30","slug":"belinuz-publicidad-exterior","status":"publish","type":"page","link":"https:\/\/belinuz.com\/index.php\/belinuz-publicidad-exterior\/","title":{"rendered":""},"content":{"rendered":"\n<div class=\"wp-block-group alignfull is-layout-flow wp-block-group-is-layout-flow\">\n<div class=\"wp-block-group alignfull has-global-padding is-layout-constrained wp-block-group-is-layout-constrained\">\n<div class=\"wp-block-cover alignfull has-aspect-ratio\" style=\"border-width:1px;border-radius:12px;margin-top:0;margin-bottom:0;padding-top:var(--wp--preset--spacing--superbspacing-small);padding-right:var(--wp--preset--spacing--superbspacing-medium);padding-bottom:var(--wp--preset--spacing--superbspacing-small);padding-left:var(--wp--preset--spacing--superbspacing-medium);min-height:600px;aspect-ratio:auto;min-height:unset;\"><span aria-hidden=\"true\" class=\"wp-block-cover__background has-background-dim\" style=\"background-color:#597488\"><\/span><img loading=\"lazy\" decoding=\"async\" width=\"2048\" height=\"1639\" class=\"wp-block-cover__image-background wp-image-32\" alt=\"\" src=\"https:\/\/belinuz.com\/wp-content\/uploads\/2024\/08\/fill-image16.jpg\" data-object-fit=\"cover\" srcset=\"https:\/\/belinuz.com\/wp-content\/uploads\/2024\/08\/fill-image16.jpg 2048w, https:\/\/belinuz.com\/wp-content\/uploads\/2024\/08\/fill-image16-300x240.jpg 300w, https:\/\/belinuz.com\/wp-content\/uploads\/2024\/08\/fill-image16-1024x820.jpg 1024w, https:\/\/belinuz.com\/wp-content\/uploads\/2024\/08\/fill-image16-768x615.jpg 768w, https:\/\/belinuz.com\/wp-content\/uploads\/2024\/08\/fill-image16-1536x1229.jpg 1536w\" sizes=\"auto, (max-width: 2048px) 100vw, 2048px\" \/><div class=\"wp-block-cover__inner-container is-layout-flow wp-container-core-cover-is-layout-278736cc wp-block-cover-is-layout-flow\">\n<div class=\"wp-block-group has-global-padding is-layout-constrained wp-container-core-group-is-layout-4e6f7231 wp-block-group-is-layout-constrained\">\n<div class=\"wp-block-group is-vertical is-content-justification-center is-layout-flex wp-container-core-group-is-layout-4c120eef wp-block-group-is-layout-flex\">\n<h2 class=\"wp-block-heading has-text-align-center has-contrast-light-color has-text-color has-superbfont-large-font-size\">Una soluci\u00f3n integral para la gesti\u00f3n de empresas de publicidad exterior<\/h2>\n\n\n\n<p class=\"has-text-align-center has-contrast-light-color has-text-color has-superbfont-small-font-size\"><strong>Belinuz Publicidad Exterior<\/strong> es una aplicaci\u00f3n online dise\u00f1ada para empresas de publicidad exterior. Con una interfaz intuitiva y f\u00e1cil de usar, no requiere instalaci\u00f3n, solo acceso a internet, lo que permite gestionarla desde cualquier lugar y dispositivo. Su escalabilidad y flexibilidad lo hacen ideal para adaptarse a los desaf\u00edos de cualquier empresa en este sector.<\/p>\n<\/div>\n<\/div>\n<\/div><\/div>\n<\/div>\n<\/div>\n\n\n\n<p><\/p>\n\n\n\n<h4 class=\"wp-block-heading\"><strong>Caracter\u00edsticas Clave<\/strong><\/h4>\n\n\n\n<ul class=\"wp-block-list\">\n<li><strong>Accesibilidad 100% online:<\/strong> Accede a toda la funcionalidad del software desde cualquier dispositivo con conexi\u00f3n a internet.<\/li>\n\n\n\n<li><strong>Eficiencia y ahorro de recursos:<\/strong> Automatiza y simplifica tareas complejas, optimizando el tiempo y los recursos necesarios para gestionar tu negocio.<\/li>\n\n\n\n<li><strong>Escalable y adaptable:<\/strong> Se ajusta a las necesidades espec\u00edficas de cada empresa, ofreciendo una soluci\u00f3n personalizada para cualquier tama\u00f1o de negocio.<\/li>\n<\/ul>\n\n\n\n<p>Gestiona aspectos clave en tu empresa de publicidad exterior, desde la administraci\u00f3n del inventario de vallas y gestion de ventas hasta la facturaci\u00f3n y el control de cuentas por cobrar.<\/p>\n\n\n\n<p><\/p>\n\n\n\n<h5 class=\"wp-block-heading\"><strong>Inventario de Vallas<\/strong><\/h5>\n\n\n\n<p>Mant\u00e9n el control total de tus sitios y vallas.<\/p>\n\n\n\n<ul class=\"wp-block-list\">\n<li>Registro de sitios, unidades y estructuras.<\/li>\n\n\n\n<li>Consulta de disponibilidad<\/li>\n\n\n\n<li>Visualizaci\u00f3n de ubicaciones en Google Maps, Waze o a trav\u00e9s de coordenadas GPS.<\/li>\n\n\n\n<li>Manejo de informaci\u00f3n de arrendadores y contratos de arrendamiento, incluyendo contactos e informaci\u00f3n legal.<\/li>\n\n\n\n<li>Control de permisos, planos y fechas de vencimiento.<\/li>\n\n\n\n<li>Generaci\u00f3n autom\u00e1tica de reportes detallados sobre disponibilidad y estado de los activos.<\/li>\n<\/ul>\n\n\n\n<p><\/p>\n\n\n\n<h5 class=\"wp-block-heading\"><strong>Ventas<\/strong><\/h5>\n\n\n\n<p>Administra el proceso de ventas de manera eficiente y automatizada, desde la oferta inicial hasta la facturaci\u00f3n.<\/p>\n\n\n\n<ul class=\"wp-block-list\">\n<li>Agil generaci\u00f3n de contratos de venta.<\/li>\n\n\n\n<li>Generaci\u00f3n de facturas electr\u00f3nicas de manera autom\u00e1tica a partir de contratos de venta.<\/li>\n\n\n\n<li>Creaci\u00f3n de contratos en formatos Word o PDF.<\/li>\n\n\n\n<li>Control de cambios de motivos y su respectiva facturaci\u00f3n.<\/li>\n\n\n\n<li>Consultas de ventas por cliente, vendedor u otros criterios.<\/li>\n\n\n\n<li>Generaci\u00f3n de reportes detallados de ventas.<\/li>\n\n\n\n<li>Manejo de clientes y contactos para facturaci\u00f3n electr\u00f3nica.<\/li>\n<\/ul>\n\n\n\n<p><\/p>\n\n\n\n<h5 class=\"wp-block-heading\"><strong>Facturaci\u00f3n Electr\u00f3nica<\/strong><\/h5>\n\n\n\n<p>Genera facturas electr\u00f3nicas, notas de d\u00e9bito y notas de cr\u00e9dito de manera \u00e1gil y automatizada, facilitando el cumplimiento de las normativas fiscales.<\/p>\n\n\n\n<p><\/p>\n\n\n\n<h5 class=\"wp-block-heading\"><strong>Cuentas por Cobrar<\/strong><\/h5>\n\n\n\n<p>Gestiona eficazmente tus finanzas y controla el estado de cuentas por cobrar, pagos recibidos y la liquidez de tu empresa.<\/p>\n\n\n\n<ul class=\"wp-block-list\">\n<li>Generaci\u00f3n autom\u00e1tica de cuentas por cobrar a partir de la facturaci\u00f3n.<\/li>\n\n\n\n<li>Control del estado de cobros y vencimientos.<\/li>\n\n\n\n<li>Consultas sobre pagos recibidos por fecha o cliente.<\/li>\n\n\n\n<li>Generaci\u00f3n r\u00e1pida de recibos de dinero por los pagos recibidos.<\/li>\n<\/ul>\n\n\n\n<h5 class=\"wp-block-heading\"><strong>Comprobantes Recibidos<\/strong><\/h5>\n\n\n\n<p>Facilita la aceptaci\u00f3n de facturas electr\u00f3nicas de compra, tanto de manera autom\u00e1tica como manual, asegurando que el proceso de recepci\u00f3n de documentos sea r\u00e1pido y eficiente.<\/p>\n\n\n\n<h5 class=\"wp-block-heading\"><strong>Comisiones por Ventas<\/strong><\/h5>\n\n\n\n<p>Automatiza el c\u00e1lculo de comisiones de tus vendedores de acuerdo con los pagos recibidos. Esta funcionalidad agiliza la gesti\u00f3n de comisiones mensuales, ayudando a mantener un control claro y preciso.<br><\/p>\n\n\n\n<p><strong>Tipo de Cambio Autom\u00e1tico<\/strong><\/p>\n\n\n\n<p>El sistema actualiza diariamente el tipo de cambio del d\u00f3lar seg\u00fan el Banco Central, garantizando que todas las transacciones se reflejen con las tasas m\u00e1s recientes.<\/p>\n\n\n\n<hr class=\"wp-block-separator has-alpha-channel-opacity\"\/>\n\n\n\n<p><strong>Belinuz Publicidad Exterior<\/strong> te ofrece una plataforma completa y optimizada para que tu empresa de publicidad exterior opere de manera m\u00e1s eficiente, ahorrando tiempo y recursos mientras automatizas procesos clave. \u00a1Dejanos ayudarte!<\/p>\n\n\n\n<p><\/p>\n","protected":false},"excerpt":{"rendered":"<p>Caracter\u00edsticas Clave Gestiona aspectos clave en tu empresa de publicidad exterior, desde la administraci\u00f3n del inventario de vallas y gestion de ventas hasta la facturaci\u00f3n y el control de cuentas por cobrar. Inventario de Vallas Mant\u00e9n el control total de tus sitios y vallas. Ventas Administra el proceso de ventas de manera eficiente y automatizada, [&hellip;]<\/p>\n","protected":false},"author":1,"featured_media":0,"parent":0,"menu_order":0,"comment_status":"closed","ping_status":"closed","template":"","meta":{"footnotes":""},"class_list":["post-2","page","type-page","status-publish","hentry"],"_links":{"self":[{"href":"https:\/\/belinuz.com\/index.php\/wp-json\/wp\/v2\/pages\/2","targetHints":{"allow":["GET"]}}],"collection":[{"href":"https:\/\/belinuz.com\/index.php\/wp-json\/wp\/v2\/pages"}],"about":[{"href":"https:\/\/belinuz.com\/index.php\/wp-json\/wp\/v2\/types\/page"}],"author":[{"embeddable":true,"href":"https:\/\/belinuz.com\/index.php\/wp-json\/wp\/v2\/users\/1"}],"replies":[{"embeddable":true,"href":"https:\/\/belinuz.com\/index.php\/wp-json\/wp\/v2\/comments?post=2"}],"version-history":[{"count":12,"href":"https:\/\/belinuz.com\/index.php\/wp-json\/wp\/v2\/pages\/2\/revisions"}],"predecessor-version":[{"id":117,"href":"https:\/\/belinuz.com\/index.php\/wp-json\/wp\/v2\/pages\/2\/revisions\/117"}],"wp:attachment":[{"href":"https:\/\/belinuz.com\/index.php\/wp-json\/wp\/v2\/media?parent=2"}],"curies":[{"name":"wp","href":"https:\/\/api.w.org\/{rel}","templated":true}]}}